{"id":481,"date":"2024-04-23T16:03:15","date_gmt":"2024-04-23T16:03:15","guid":{"rendered":"https:\/\/consabores.com\/?page_id=481"},"modified":"2024-07-18T10:32:49","modified_gmt":"2024-07-18T10:32:49","slug":"showcooking","status":"publish","type":"page","link":"https:\/\/consabores.com\/en\/showcooking\/","title":{"rendered":"Showcooking"},"content":{"rendered":"<div data-elementor-type=\"wp-page\" data-elementor-id=\"481\" class=\"elementor elementor-481\" data-elementor-post-type=\"page\">\n\t\t\t\t\t\t<section class=\"elementor-section elementor-top-section elementor-element elementor-element-9bebaef elementor-section-full_width elementor-section-height-default elementor-section-height-default\" data-id=\"9bebaef\" data-element_type=\"section\" data-settings=\"{&quot;background_background&quot;:&quot;classic&quot;}\">\n\t\t\t\t\t\t\t<div class=\"elementor-background-overlay\"><\/div>\n\t\t\t\t\t\t\t<div class=\"elementor-container elementor-column-gap-default\">\n\t\t\t\t\t<div class=\"elementor-column elementor-col-100 elementor-top-column elementor-element elementor-element-3420eac\" data-id=\"3420eac\" data-element_type=\"column\">\n\t\t\t<div class=\"elementor-widget-wrap elementor-element-populated\">\n\t\t\t\t\t\t<div class=\"elementor-element elementor-element-4b8aff1 elementor-widget elementor-widget-heading\" data-id=\"4b8aff1\" data-element_type=\"widget\" data-widget_type=\"heading.default\">\n\t\t\t\t<div class=\"elementor-widget-container\">\n\t\t\t\t\t<h1 class=\"elementor-heading-title elementor-size-default\">SHOW COOKING <br> CON SABORES<\/h1>\t\t\t\t<\/div>\n\t\t\t\t<\/div>\n\t\t\t\t<div class=\"elementor-element elementor-element-4cf910d elementor-widget elementor-widget-text-editor\" data-id=\"4cf910d\" data-element_type=\"widget\" data-widget_type=\"text-editor.default\">\n\t\t\t\t<div class=\"elementor-widget-container\">\n\t\t\t\t\t\t\t\t\t<p><span class=\"TextRun SCXW185475303 BCX8\" lang=\"ES-ES\" xml:lang=\"ES-ES\" data-contrast=\"none\"><span class=\"NormalTextRun SCXW185475303 BCX8\">How will your version of a healthy and delicious dessert turn out? Come and discover it with Eco Chef Kalo!<\/span><\/span><span class=\"EOP SCXW185475303 BCX8\" data-ccp-props=\"{&quot;201341983&quot;:0,&quot;335559685&quot;:-20,&quot;335559737&quot;:-20,&quot;335559739&quot;:200,&quot;335559740&quot;:276}\">\u00a0<\/span><\/p>\t\t\t\t\t\t\t\t<\/div>\n\t\t\t\t<\/div>\n\t\t\t\t<div class=\"elementor-element elementor-element-4f2eb86 elementor-align-center elementor-widget elementor-widget-button\" data-id=\"4f2eb86\" data-element_type=\"widget\" data-widget_type=\"button.default\">\n\t\t\t\t<div class=\"elementor-widget-container\">\n\t\t\t\t\t\t\t\t\t<div class=\"elementor-button-wrapper\">\n\t\t\t\t\t<a class=\"elementor-button elementor-button-link elementor-size-sm\" href=\"#elementor-action%3Aaction%3Dpopup%3Aopen%26settings%3DeyJpZCI6IjIyNCIsInRvZ2dsZSI6ZmFsc2V9\">\n\t\t\t\t\t\t<span class=\"elementor-button-content-wrapper\">\n\t\t\t\t\t\t\t\t\t<span class=\"elementor-button-text\">Contact<\/span>\n\t\t\t\t\t<\/span>\n\t\t\t\t\t<\/a>\n\t\t\t\t<\/div>\n\t\t\t\t\t\t\t\t<\/div>\n\t\t\t\t<\/div>\n\t\t\t\t\t<\/div>\n\t\t<\/div>\n\t\t\t\t\t<\/div>\n\t\t<\/section>\n\t\t\t\t<section class=\"elementor-section elementor-top-section elementor-element elementor-element-961745a elementor-section-full_width elementor-section-height-default elementor-section-height-default\" data-id=\"961745a\" data-element_type=\"section\">\n\t\t\t\t\t\t<div class=\"elementor-container elementor-column-gap-default\">\n\t\t\t\t\t<div class=\"elementor-column elementor-col-50 elementor-top-column elementor-element elementor-element-b6cbfd9\" data-id=\"b6cbfd9\" data-element_type=\"column\" data-settings=\"{&quot;background_background&quot;:&quot;classic&quot;}\">\n\t\t\t<div class=\"elementor-widget-wrap elementor-element-populated\">\n\t\t\t\t\t\t<div class=\"elementor-element elementor-element-a74817a elementor-widget elementor-widget-spacer\" data-id=\"a74817a\" data-element_type=\"widget\" data-widget_type=\"spacer.default\">\n\t\t\t\t<div class=\"elementor-widget-container\">\n\t\t\t\t\t\t\t<div class=\"elementor-spacer\">\n\t\t\t<div class=\"elementor-spacer-inner\"><\/div>\n\t\t<\/div>\n\t\t\t\t\t\t<\/div>\n\t\t\t\t<\/div>\n\t\t\t\t\t<\/div>\n\t\t<\/div>\n\t\t\t\t<div class=\"elementor-column elementor-col-50 elementor-top-column elementor-element elementor-element-94ea503\" data-id=\"94ea503\" data-element_type=\"column\">\n\t\t\t<div class=\"elementor-widget-wrap elementor-element-populated\">\n\t\t\t\t\t\t<div class=\"elementor-element elementor-element-0860f24 elementor-widget elementor-widget-heading\" data-id=\"0860f24\" data-element_type=\"widget\" data-widget_type=\"heading.default\">\n\t\t\t\t<div class=\"elementor-widget-container\">\n\t\t\t\t\t<h2 class=\"elementor-heading-title elementor-size-default\">Show-Cooking and Tasting of LIVING FOOD (Vegetarian and Raw Vegan Meals, Full of Vitality)<\/h2>\t\t\t\t<\/div>\n\t\t\t\t<\/div>\n\t\t\t\t<div class=\"elementor-element elementor-element-997c46f elementor-widget elementor-widget-text-editor\" data-id=\"997c46f\" data-element_type=\"widget\" data-widget_type=\"text-editor.default\">\n\t\t\t\t<div class=\"elementor-widget-container\">\n\t\t\t\t\t\t\t\t\t<p><span data-contrast=\"none\">Show-Cooking and Tasting of LIVING FOOD (Vegetarian and Raw Vegan Meals, Full of Vitality)<\/span><span data-ccp-props=\"{&quot;201341983&quot;:0,&quot;335559685&quot;:-20,&quot;335559737&quot;:-20,&quot;335559739&quot;:200,&quot;335559740&quot;:276}\">\u00a0<\/span><\/p><p><span data-contrast=\"none\">The recipes we will make together are:<\/span><span data-ccp-props=\"{&quot;201341983&quot;:0,&quot;335559685&quot;:-20,&quot;335559737&quot;:-20,&quot;335559739&quot;:200,&quot;335559740&quot;:276}\">\u00a0<\/span><span data-ccp-props=\"{&quot;201341983&quot;:0,&quot;335559685&quot;:-20,&quot;335559737&quot;:-20,&quot;335559739&quot;:200,&quot;335559740&quot;:276}\">\u00a0<\/span><\/p><ul><li><span data-contrast=\"none\">Cardamom and Pistachio Pudding<\/span><span data-ccp-props=\"{&quot;201341983&quot;:0,&quot;335559685&quot;:-20,&quot;335559737&quot;:-20,&quot;335559739&quot;:200,&quot;335559740&quot;:276}\">\u00a0<\/span><\/li><li><span data-contrast=\"none\">Homemade Ice Cream<\/span><span data-ccp-props=\"{&quot;201341983&quot;:0,&quot;335559685&quot;:-20,&quot;335559737&quot;:-20,&quot;335559739&quot;:200,&quot;335559740&quot;:276}\">\u00a0<\/span><\/li><li><span data-contrast=\"none\">Dark Chocolate and Coconut Truffles<\/span><span data-ccp-props=\"{&quot;201341983&quot;:0,&quot;335559685&quot;:-20,&quot;335559737&quot;:-20,&quot;335559739&quot;:200,&quot;335559740&quot;:276}\">\u00a0<\/span><\/li><li><span data-contrast=\"none\">Pink Truffles with Beetroot and Flower Pollen<\/span><span data-ccp-props=\"{&quot;201341983&quot;:0,&quot;335559685&quot;:-20,&quot;335559737&quot;:-20,&quot;335559739&quot;:200,&quot;335559740&quot;:276}\">\u00a0<\/span><\/li><li><span data-contrast=\"none\">You will have some resources to take with you, including practical information and a recipe booklet.<\/span><span data-ccp-props=\"{&quot;201341983&quot;:0,&quot;335559685&quot;:-20,&quot;335559737&quot;:-20,&quot;335559739&quot;:200,&quot;335559740&quot;:276}\">\u00a0<\/span><\/li><li><span data-contrast=\"none\">Tasting of the desserts (suitable for vegans and gluten-free individuals), with all ingredients being 100% organic, seasonal, and of the highest quality.<\/span><\/li><\/ul><p><span class=\"TextRun SCXW50861875 BCX8\" lang=\"ES-ES\" xml:lang=\"ES-ES\" data-contrast=\"none\"><span class=\"NormalTextRun SCXW50861875 BCX8\">You will have some resources to take with you, including practical information and a recipe booklet.<\/span><\/span><span class=\"EOP SCXW50861875 BCX8\" data-ccp-props=\"{&quot;201341983&quot;:0,&quot;335559685&quot;:-20,&quot;335559737&quot;:-20,&quot;335559739&quot;:200,&quot;335559740&quot;:276}\">\u00a0<\/span><\/p>\t\t\t\t\t\t\t\t<\/div>\n\t\t\t\t<\/div>\n\t\t\t\t<div class=\"elementor-element elementor-element-842a543 elementor-widget elementor-widget-heading\" data-id=\"842a543\" data-element_type=\"widget\" data-widget_type=\"heading.default\">\n\t\t\t\t<div class=\"elementor-widget-container\">\n\t\t\t\t\t<h3 class=\"elementor-heading-title elementor-size-default\">Dessert Tasting<\/h3>\t\t\t\t<\/div>\n\t\t\t\t<\/div>\n\t\t\t\t<div class=\"elementor-element elementor-element-2107dd4 elementor-widget elementor-widget-text-editor\" data-id=\"2107dd4\" data-element_type=\"widget\" data-widget_type=\"text-editor.default\">\n\t\t\t\t<div class=\"elementor-widget-container\">\n\t\t\t\t\t\t\t\t\t<p>All our desserts are suitable for vegans and those with celiac disease, made exclusively with 100% organic ingredients of the highest quality, selected seasonally.<\/p>\t\t\t\t\t\t\t\t<\/div>\n\t\t\t\t<\/div>\n\t\t\t\t\t<\/div>\n\t\t<\/div>\n\t\t\t\t\t<\/div>\n\t\t<\/section>\n\t\t\t\t<section class=\"elementor-section elementor-top-section elementor-element elementor-element-39466ef elementor-section-boxed elementor-section-height-default elementor-section-height-default\" data-id=\"39466ef\" data-element_type=\"section\">\n\t\t\t\t\t\t<div class=\"elementor-container elementor-column-gap-wider\">\n\t\t\t\t\t<div class=\"elementor-column elementor-col-50 elementor-top-column elementor-element elementor-element-219f2b9\" data-id=\"219f2b9\" data-element_type=\"column\" data-settings=\"{&quot;background_background&quot;:&quot;classic&quot;}\">\n\t\t\t<div class=\"elementor-widget-wrap elementor-element-populated\">\n\t\t\t\t\t<div class=\"elementor-background-overlay\"><\/div>\n\t\t\t\t\t\t<div class=\"elementor-element elementor-element-21045d7 elementor-widget elementor-widget-heading\" data-id=\"21045d7\" data-element_type=\"widget\" data-widget_type=\"heading.default\">\n\t\t\t\t<div class=\"elementor-widget-container\">\n\t\t\t\t\t<h2 class=\"elementor-heading-title elementor-size-default\">What will we learn in the show cooking?<\/h2>\t\t\t\t<\/div>\n\t\t\t\t<\/div>\n\t\t\t\t<div class=\"elementor-element elementor-element-ed86540 elementor-widget elementor-widget-text-editor\" data-id=\"ed86540\" data-element_type=\"widget\" data-widget_type=\"text-editor.default\">\n\t\t\t\t<div class=\"elementor-widget-container\">\n\t\t\t\t\t\t\t\t\t<ul><li><span data-contrast=\"none\">Why choose this type of food<\/span><span data-contrast=\"none\">\u00a0?<\/span><span data-contrast=\"none\">?<\/span><span data-contrast=\"none\">?<\/span><span data-ccp-props=\"{&quot;201341983&quot;:0,&quot;335559685&quot;:-20,&quot;335559737&quot;:-20,&quot;335559739&quot;:200,&quot;335559740&quot;:276}\">\u00a0<\/span><\/li><li><span data-contrast=\"none\">How to make delicious and highly nutritious desserts using healthy, local, and seasonal ingredients (such as carrots, almonds, oranges, lemons, papayas, guavas, beets, and even cauliflower).<\/span><span data-ccp-props=\"{&quot;201341983&quot;:0,&quot;335559685&quot;:-20,&quot;335559737&quot;:-20,&quot;335559739&quot;:200,&quot;335559740&quot;:276}\">\u00a0<\/span><\/li><li><span data-contrast=\"none\">How to prepare desserts without using an oven.<\/span><span data-ccp-props=\"{&quot;201341983&quot;:0,&quot;335559685&quot;:-20,&quot;335559737&quot;:-20,&quot;335559739&quot;:200,&quot;335559740&quot;:276}\">\u00a0<\/span><\/li><li><span data-contrast=\"none\">Healthy and delicious alternatives to white flour, sugar, and typical dairy products.<\/span><span data-ccp-props=\"{&quot;201341983&quot;:0,&quot;335559685&quot;:-20,&quot;335559737&quot;:-20,&quot;335559739&quot;:200,&quot;335559740&quot;:276}\">\u00a0<\/span><\/li><li><span data-contrast=\"none\">How healthy sweets benefit us.<\/span><span data-ccp-props=\"{&quot;201341983&quot;:0,&quot;335559685&quot;:-20,&quot;335559737&quot;:-20,&quot;335559739&quot;:200,&quot;335559740&quot;:276}\">\u00a0<\/span><\/li><li><span data-contrast=\"none\">How to create Delicate Sweets \u2013 \"Zero Waste\".<\/span><span data-ccp-props=\"{&quot;201341983&quot;:0,&quot;335559685&quot;:-20,&quot;335559737&quot;:-20,&quot;335559739&quot;:200,&quot;335559740&quot;:276}\">\u00a0<\/span><\/li><li><span data-contrast=\"none\">How to approach food with a loving attitude.<\/span><span data-ccp-props=\"{&quot;201341983&quot;:0,&quot;335559685&quot;:-20,&quot;335559737&quot;:-20,&quot;335559739&quot;:200,&quot;335559740&quot;:276}\">\u00a0<\/span><\/li><li><span data-contrast=\"none\">How to understand your body as your \u201cvehicle to a joyful experience.\u201d<\/span> \u00a0<span style=\"font-size: 16px;\" data-ccp-props=\"{&quot;201341983&quot;:0,&quot;335559685&quot;:-20,&quot;335559737&quot;:-20,&quot;335559739&quot;:200,&quot;335559740&quot;:276}\">\u00a0<\/span><\/li><\/ul><p><span data-contrast=\"none\">Enjoy the tasting of Living Food with Flavors, delight your five senses, and learn to take care of yourself with the <\/span><span data-contrast=\"none\">organic and living cuisine!<\/span><span data-ccp-props=\"{&quot;201341983&quot;:0,&quot;335559685&quot;:-20,&quot;335559737&quot;:-20,&quot;335559739&quot;:200,&quot;335559740&quot;:276}\">\u00a0<\/span><\/p>\t\t\t\t\t\t\t\t<\/div>\n\t\t\t\t<\/div>\n\t\t\t\t\t<\/div>\n\t\t<\/div>\n\t\t\t\t<div class=\"elementor-column elementor-col-50 elementor-top-column elementor-element elementor-element-779990b\" data-id=\"779990b\" data-element_type=\"column\" data-settings=\"{&quot;background_background&quot;:&quot;classic&quot;}\">\n\t\t\t<div class=\"elementor-widget-wrap elementor-element-populated\">\n\t\t\t\t\t<div class=\"elementor-background-overlay\"><\/div>\n\t\t\t\t\t\t<div class=\"elementor-element elementor-element-e7a3ebf elementor-widget elementor-widget-heading\" data-id=\"e7a3ebf\" data-element_type=\"widget\" data-widget_type=\"heading.default\">\n\t\t\t\t<div class=\"elementor-widget-container\">\n\t\t\t\t\t<h2 class=\"elementor-heading-title elementor-size-default\">What does the show cooking include?<\/h2>\t\t\t\t<\/div>\n\t\t\t\t<\/div>\n\t\t\t\t<div class=\"elementor-element elementor-element-02b4284 elementor-widget elementor-widget-text-editor\" data-id=\"02b4284\" data-element_type=\"widget\" data-widget_type=\"text-editor.default\">\n\t\t\t\t<div class=\"elementor-widget-container\">\n\t\t\t\t\t\t\t\t\t<ul><li><span data-contrast=\"none\">\u00a0Welcome Energizing Juice<\/span><span data-ccp-props=\"{&quot;201341983&quot;:0,&quot;335559685&quot;:-20,&quot;335559737&quot;:-20,&quot;335559739&quot;:200,&quot;335559740&quot;:276}\">\u00a0<\/span><\/li><li><span data-contrast=\"none\">\u00a0<\/span><span data-ccp-props=\"{&quot;201341983&quot;:0,&quot;335559685&quot;:-20,&quot;335559737&quot;:-20,&quot;335559739&quot;:200,&quot;335559740&quot;:276}\">\u00a0<\/span><span data-contrast=\"none\">Show cooking (demonstration of dessert preparation and <\/span><span data-contrast=\"none\">food tasting<\/span><span data-contrast=\"none\">)<\/span><span data-ccp-props=\"{&quot;201341983&quot;:0,&quot;335559685&quot;:-20,&quot;335559737&quot;:-20,&quot;335559739&quot;:200,&quot;335559740&quot;:276}\">\u00a0<\/span><\/li><li><span data-contrast=\"none\">\u00a0<\/span><span data-ccp-props=\"{&quot;201341983&quot;:0,&quot;335559685&quot;:-20,&quot;335559737&quot;:-20,&quot;335559739&quot;:200,&quot;335559740&quot;:276}\">\u00a0<\/span><span data-contrast=\"none\">hands-on workshop<\/span><span data-ccp-props=\"{&quot;201341983&quot;:0,&quot;335559685&quot;:-20,&quot;335559737&quot;:-20,&quot;335559739&quot;:200,&quot;335559740&quot;:276}\">\u00a0<\/span><\/li><li><span data-contrast=\"none\">\u00a0<\/span><span data-ccp-props=\"{&quot;201341983&quot;:0,&quot;335559685&quot;:-20,&quot;335559737&quot;:-20,&quot;335559739&quot;:200,&quot;335559740&quot;:276}\">\u00a0<\/span><span data-contrast=\"none\">Resources with practical information and a recipe booklet<\/span><span data-ccp-props=\"{&quot;201341983&quot;:0,&quot;335559685&quot;:-20,&quot;335559737&quot;:-20,&quot;335559739&quot;:200,&quot;335559740&quot;:276}\">\u00a0<\/span><\/li><li><span data-contrast=\"none\">\u00a0<\/span><span data-ccp-props=\"{&quot;201341983&quot;:0,&quot;335559685&quot;:-20,&quot;335559737&quot;:-20,&quot;335559739&quot;:200,&quot;335559740&quot;:276}\">\u00a0<\/span><span data-contrast=\"none\">Talk: \u201cYour Body \u2013 Your Vehicle to a Joyful and Healthy Experience\u201d<\/span><span data-ccp-props=\"{&quot;201341983&quot;:0,&quot;335559685&quot;:-20,&quot;335559737&quot;:-20,&quot;335559739&quot;:200,&quot;335559740&quot;:276}\">\u00a0<\/span><\/li><li><span data-contrast=\"none\">\u00a0<\/span><span data-ccp-props=\"{&quot;201341983&quot;:0,&quot;335559685&quot;:-20,&quot;335559737&quot;:-20,&quot;335559739&quot;:200,&quot;335559740&quot;:276}\">\u00a0<\/span><span data-contrast=\"none\">Apron included<\/span><span data-ccp-props=\"{&quot;201341983&quot;:0,&quot;335559685&quot;:-20,&quot;335559737&quot;:-20,&quot;335559739&quot;:200,&quot;335559740&quot;:276}\">\u00a0<\/span><\/li><\/ul><p><span data-contrast=\"none\">\u00a0*If you have long hair, please bring a hairband to tie it back.<\/span><span data-ccp-props=\"{&quot;201341983&quot;:0,&quot;335559685&quot;:-20,&quot;335559737&quot;:-20,&quot;335559739&quot;:200,&quot;335559740&quot;:276}\">\u00a0<\/span><\/p><p><span data-contrast=\"none\"><strong>Group size:<\/strong> 6-12 participants<\/span><span data-ccp-props=\"{&quot;201341983&quot;:0,&quot;335559685&quot;:-20,&quot;335559737&quot;:-20,&quot;335559739&quot;:200,&quot;335559740&quot;:276}\">\u00a0<\/span><\/p><p><span data-contrast=\"none\"><strong>Duration:<\/strong> 1:30h<\/span><span data-ccp-props=\"{&quot;201341983&quot;:0,&quot;335559685&quot;:-20,&quot;335559737&quot;:-20,&quot;335559739&quot;:200,&quot;335559740&quot;:276}\">\u00a0<\/span><\/p><p><strong>\u00a0<\/strong><span data-contrast=\"none\"><strong>Cost:<\/strong> 45<\/span><span data-contrast=\"none\">\u20ac<\/span><span data-ccp-props=\"{&quot;201341983&quot;:0,&quot;335559685&quot;:-20,&quot;335559737&quot;:-20,&quot;335559739&quot;:200,&quot;335559740&quot;:276}\">\u00a0<\/span><\/p>\t\t\t\t\t\t\t\t<\/div>\n\t\t\t\t<\/div>\n\t\t\t\t\t<\/div>\n\t\t<\/div>\n\t\t\t\t\t<\/div>\n\t\t<\/section>\n\t\t\t\t<\/div>","protected":false},"excerpt":{"rendered":"<p>SHOW COOKING CON SABORES \u00bfC\u00f3mo ser\u00e1 tu versi\u00f3n de un postre saludable y sabroso? \u00a1Ven a descubrirlo con Eco Chef Kalo!\u00a0 Contactar Show-Cooking y Degustaci\u00f3n de COMIDA VIVA (Comidas Vegetarianas y Crudi-Veganas, Repletas de Vitalidad) Aprender\u00e1s a preparar postres y con la ayuda del Eco Chef te animar\u00e1s a personalizarlos.\u00a0 Las recetas que haremos juntos [&hellip;]<\/p>","protected":false},"author":1,"featured_media":0,"parent":0,"menu_order":0,"comment_status":"closed","ping_status":"closed","template":"","meta":{"site-sidebar-layout":"no-sidebar","site-content-layout":"","ast-site-content-layout":"full-width-container","site-content-style":"default","site-sidebar-style":"default","ast-global-header-display":"","ast-banner-title-visibility":"","ast-main-header-display":"","ast-hfb-above-header-display":"","ast-hfb-below-header-display":"","ast-hfb-mobile-header-display":"","site-post-title":"disabled","ast-breadcrumbs-content":"","ast-featured-img":"disabled","footer-sml-layout":"","theme-transparent-header-meta":"","adv-header-id-meta":"","stick-header-meta":"","header-above-stick-meta":"","header-main-stick-meta":"","header-below-stick-meta":"","astra-migrate-meta-layouts":"default","ast-page-background-enabled":"default","ast-page-background-meta":{"desktop":{"background-color":"var(--ast-global-color-4)","background-image":"","background-repeat":"repeat","background-position":"center center","background-size":"auto","background-attachment":"scroll","background-type":"","background-media":"","overlay-type":"","overlay-color":"","overlay-opacity":"","overlay-gradient":""},"tablet":{"background-color":"","background-image":"","background-repeat":"repeat","background-position":"center center","background-size":"auto","background-attachment":"scroll","background-type":"","background-media":"","overlay-type":"","overlay-color":"","overlay-opacity":"","overlay-gradient":""},"mobile":{"background-color":"","background-image":"","background-repeat":"repeat","background-position":"center center","background-size":"auto","background-attachment":"scroll","background-type":"","background-media":"","overlay-type":"","overlay-color":"","overlay-opacity":"","overlay-gradient":""}},"ast-content-background-meta":{"desktop":{"background-color":"var(--ast-global-color-5)","background-image":"","background-repeat":"repeat","background-position":"center center","background-size":"auto","background-attachment":"scroll","background-type":"","background-media":"","overlay-type":"","overlay-color":"","overlay-opacity":"","overlay-gradient":""},"tablet":{"background-color":"var(--ast-global-color-5)","background-image":"","background-repeat":"repeat","background-position":"center center","background-size":"auto","background-attachment":"scroll","background-type":"","background-media":"","overlay-type":"","overlay-color":"","overlay-opacity":"","overlay-gradient":""},"mobile":{"background-color":"var(--ast-global-color-5)","background-image":"","background-repeat":"repeat","background-position":"center center","background-size":"auto","background-attachment":"scroll","background-type":"","background-media":"","overlay-type":"","overlay-color":"","overlay-opacity":"","overlay-gradient":""}},"footnotes":""},"class_list":["post-481","page","type-page","status-publish","hentry"],"yoast_head":"<!-- This site is optimized with the Yoast SEO plugin v26.6 - https:\/\/yoast.com\/wordpress\/plugins\/seo\/ -->\n<title>Showcooking - Con Sabores<\/title>\n<meta name=\"robots\" content=\"index, follow, max-snippet:-1, max-image-preview:large, max-video-preview:-1\" \/>\n<link rel=\"canonical\" href=\"https:\/\/consabores.com\/en\/showcooking\/\" \/>\n<meta property=\"og:locale\" content=\"en_US\" \/>\n<meta property=\"og:type\" content=\"article\" \/>\n<meta property=\"og:title\" content=\"Showcooking - Con Sabores\" \/>\n<meta property=\"og:description\" content=\"SHOW COOKING CON SABORES \u00bfC\u00f3mo ser\u00e1 tu versi\u00f3n de un postre saludable y sabroso? \u00a1Ven a descubrirlo con Eco Chef Kalo!\u00a0 Contactar Show-Cooking y Degustaci\u00f3n de COMIDA VIVA (Comidas Vegetarianas y Crudi-Veganas, Repletas de Vitalidad) Aprender\u00e1s a preparar postres y con la ayuda del Eco Chef te animar\u00e1s a personalizarlos.\u00a0 Las recetas que haremos juntos [&hellip;]\" \/>\n<meta property=\"og:url\" content=\"https:\/\/consabores.com\/en\/showcooking\/\" \/>\n<meta property=\"og:site_name\" content=\"Con Sabores\" \/>\n<meta property=\"article:modified_time\" content=\"2024-07-18T10:32:49+00:00\" \/>\n<meta name=\"twitter:card\" content=\"summary_large_image\" \/>\n<meta name=\"twitter:label1\" content=\"Est. reading time\" \/>\n\t<meta name=\"twitter:data1\" content=\"2 minutes\" \/>\n<script type=\"application\/ld+json\" class=\"yoast-schema-graph\">{\"@context\":\"https:\/\/schema.org\",\"@graph\":[{\"@type\":\"WebPage\",\"@id\":\"https:\/\/consabores.com\/showcooking\/\",\"url\":\"https:\/\/consabores.com\/showcooking\/\",\"name\":\"Showcooking - Con Sabores\",\"isPartOf\":{\"@id\":\"https:\/\/consabores.com\/#website\"},\"datePublished\":\"2024-04-23T16:03:15+00:00\",\"dateModified\":\"2024-07-18T10:32:49+00:00\",\"breadcrumb\":{\"@id\":\"https:\/\/consabores.com\/showcooking\/#breadcrumb\"},\"inLanguage\":\"en-US\",\"potentialAction\":[{\"@type\":\"ReadAction\",\"target\":[\"https:\/\/consabores.com\/showcooking\/\"]}]},{\"@type\":\"BreadcrumbList\",\"@id\":\"https:\/\/consabores.com\/showcooking\/#breadcrumb\",\"itemListElement\":[{\"@type\":\"ListItem\",\"position\":1,\"name\":\"Portada\",\"item\":\"https:\/\/consabores.com\/\"},{\"@type\":\"ListItem\",\"position\":2,\"name\":\"Showcooking\"}]},{\"@type\":\"WebSite\",\"@id\":\"https:\/\/consabores.com\/#website\",\"url\":\"https:\/\/consabores.com\/\",\"name\":\"Con Sabores\",\"description\":\"\",\"potentialAction\":[{\"@type\":\"SearchAction\",\"target\":{\"@type\":\"EntryPoint\",\"urlTemplate\":\"https:\/\/consabores.com\/?s={search_term_string}\"},\"query-input\":{\"@type\":\"PropertyValueSpecification\",\"valueRequired\":true,\"valueName\":\"search_term_string\"}}],\"inLanguage\":\"en-US\"}]}<\/script>\n<!-- \/ Yoast SEO plugin. -->","yoast_head_json":{"title":"Showcooking - Con Sabores","robots":{"index":"index","follow":"follow","max-snippet":"max-snippet:-1","max-image-preview":"max-image-preview:large","max-video-preview":"max-video-preview:-1"},"canonical":"https:\/\/consabores.com\/en\/showcooking\/","og_locale":"en_US","og_type":"article","og_title":"Showcooking - Con Sabores","og_description":"SHOW COOKING CON SABORES \u00bfC\u00f3mo ser\u00e1 tu versi\u00f3n de un postre saludable y sabroso? \u00a1Ven a descubrirlo con Eco Chef Kalo!\u00a0 Contactar Show-Cooking y Degustaci\u00f3n de COMIDA VIVA (Comidas Vegetarianas y Crudi-Veganas, Repletas de Vitalidad) Aprender\u00e1s a preparar postres y con la ayuda del Eco Chef te animar\u00e1s a personalizarlos.\u00a0 Las recetas que haremos juntos [&hellip;]","og_url":"https:\/\/consabores.com\/en\/showcooking\/","og_site_name":"Con Sabores","article_modified_time":"2024-07-18T10:32:49+00:00","twitter_card":"summary_large_image","twitter_misc":{"Est. reading time":"2 minutes"},"schema":{"@context":"https:\/\/schema.org","@graph":[{"@type":"WebPage","@id":"https:\/\/consabores.com\/showcooking\/","url":"https:\/\/consabores.com\/showcooking\/","name":"Showcooking - Con Sabores","isPartOf":{"@id":"https:\/\/consabores.com\/#website"},"datePublished":"2024-04-23T16:03:15+00:00","dateModified":"2024-07-18T10:32:49+00:00","breadcrumb":{"@id":"https:\/\/consabores.com\/showcooking\/#breadcrumb"},"inLanguage":"en-US","potentialAction":[{"@type":"ReadAction","target":["https:\/\/consabores.com\/showcooking\/"]}]},{"@type":"BreadcrumbList","@id":"https:\/\/consabores.com\/showcooking\/#breadcrumb","itemListElement":[{"@type":"ListItem","position":1,"name":"Portada","item":"https:\/\/consabores.com\/"},{"@type":"ListItem","position":2,"name":"Showcooking"}]},{"@type":"WebSite","@id":"https:\/\/consabores.com\/#website","url":"https:\/\/consabores.com\/","name":"Con Sabores","description":"","potentialAction":[{"@type":"SearchAction","target":{"@type":"EntryPoint","urlTemplate":"https:\/\/consabores.com\/?s={search_term_string}"},"query-input":{"@type":"PropertyValueSpecification","valueRequired":true,"valueName":"search_term_string"}}],"inLanguage":"en-US"}]}},"_links":{"self":[{"href":"https:\/\/consabores.com\/en\/wp-json\/wp\/v2\/pages\/481","targetHints":{"allow":["GET"]}}],"collection":[{"href":"https:\/\/consabores.com\/en\/wp-json\/wp\/v2\/pages"}],"about":[{"href":"https:\/\/consabores.com\/en\/wp-json\/wp\/v2\/types\/page"}],"author":[{"embeddable":true,"href":"https:\/\/consabores.com\/en\/wp-json\/wp\/v2\/users\/1"}],"replies":[{"embeddable":true,"href":"https:\/\/consabores.com\/en\/wp-json\/wp\/v2\/comments?post=481"}],"version-history":[{"count":41,"href":"https:\/\/consabores.com\/en\/wp-json\/wp\/v2\/pages\/481\/revisions"}],"predecessor-version":[{"id":829,"href":"https:\/\/consabores.com\/en\/wp-json\/wp\/v2\/pages\/481\/revisions\/829"}],"wp:attachment":[{"href":"https:\/\/consabores.com\/en\/wp-json\/wp\/v2\/media?parent=481"}],"curies":[{"name":"wp","href":"https:\/\/api.w.org\/{rel}","templated":true}]}}